{"id":28,"date":"2019-09-12T12:41:12","date_gmt":"2019-09-12T12:41:12","guid":{"rendered":"http:\/\/pilgrimfalkoni.de\/?page_id=28"},"modified":"2019-09-13T18:54:03","modified_gmt":"2019-09-13T18:54:03","slug":"das-abenteuer-pfadfinden","status":"publish","type":"page","link":"http:\/\/pilgrimfalkoni.de\/?page_id=28","title":{"rendered":"Das Abenteuer Pfadfinden"},"content":{"rendered":"\n<p class=\"has-medium-font-size\">Wir, die Pfadfinderinnen und Pfadfinder aus Neuwied &#8211; Torney, m\u00f6chten uns gerne vorstellen. Nat\u00fcrlich wissen, dass es viele Vorurteile und Witze \u00fcber Pfadfinder gibt. Wir wissen aber auch, dass es viele gute Gr\u00fcnde gibt, sein Kind bei den Pfadfindern anzumelden. Ein paar davon m\u00f6chten wir Ihnen kurz vorstellen.<\/p>\n\n\n\n<p class=\"has-medium-font-size\">Unser Stamm ist eine Pfadfindergemeinschaft im Bund der Pfadfinderinnen und Pfadfinder. Unser Stamm leistet seit 2006 sehr erfolgreiche Jungendarbeit in Torney und Neuwied. Momentan haben wir ungef\u00e4hr 80 aktive Mitglieder. Mehr Informationen \u00fcber den BdP finden Sie unter <a href=\"https:\/\/www.pfadfinden.de\/\">https:\/\/www.pfadfinden.de<\/a> <\/p>\n\n\n\n<figure class=\"wp-block-image is-resized\"><img loading=\"lazy\" decoding=\"async\" src=\"http:\/\/pilgrimfalkoni.de\/wp-content\/uploads\/2019\/09\/BdP_Wort-Bildmarke_4c_ohne-Hintergrund_V1-1024x724.jpg\" alt=\"\" class=\"wp-image-83\" width=\"325\" height=\"230\" srcset=\"http:\/\/pilgrimfalkoni.de\/wp-content\/uploads\/2019\/09\/BdP_Wort-Bildmarke_4c_ohne-Hintergrund_V1-1024x724.jpg 1024w, http:\/\/pilgrimfalkoni.de\/wp-content\/uploads\/2019\/09\/BdP_Wort-Bildmarke_4c_ohne-Hintergrund_V1-300x212.jpg 300w, http:\/\/pilgrimfalkoni.de\/wp-content\/uploads\/2019\/09\/BdP_Wort-Bildmarke_4c_ohne-Hintergrund_V1-768x543.jpg 768w, http:\/\/pilgrimfalkoni.de\/wp-content\/uploads\/2019\/09\/BdP_Wort-Bildmarke_4c_ohne-Hintergrund_V1.jpg 1754w\" sizes=\"auto, (max-width: 325px) 100vw, 325px\" \/><\/figure>\n\n\n\n<p class=\"has-medium-font-size\">In der&nbsp;Gruppe&nbsp;zu leben, gemeinsam Erfahrungen zu machen, gemeinsam etwas zu erleben. Gruppe bedeutet dabei nicht: Alle sind gleich. Jeder bringt sich nach seinen F\u00e4higkeiten und seinen M\u00f6glichkeiten ein. Aber wie verschieden Pfadfinderinnen und Pfadfinder auch sein m\u00f6gen: In der Gruppe f\u00fchlen sie sich einander verbunden.<\/p>\n\n\n\n<p class=\"has-medium-font-size\">Pfadfinderin oder Pfadfinder zu sein ist ein Angebot f\u00fcr\njedes Alter. Um den unterschiedlichen Anforderungen p\u00e4dagogisch in Methoden,\nFormen und Inhalten entsprechen zu k\u00f6nnen, arbeitet der BdP in den drei&nbsp;Altersstufen&nbsp;W\u00f6lflinge,\nPfadfinderinnen und Pfadfinder, Ranger und Rover.<\/p>\n\n\n\n<p class=\"has-medium-font-size\">Das&nbsp;Halstuch&nbsp;tragen&nbsp;alle Pfadfinderinnen und Pfadfinder mit Stolz und zeigen damit der ganzen Welt, dass sie Teil der gr\u00f6\u00dften Jugendbewegung der Welt sind.<\/p>\n\n\n\n<div class=\"wp-block-image\"><figure class=\"aligncenter is-resized\"><img loading=\"lazy\" decoding=\"async\" src=\"http:\/\/pilgrimfalkoni.de\/wp-content\/uploads\/2019\/09\/Halstuch-kn-339x1024.png\" alt=\"\" class=\"wp-image-84\" width=\"84\" height=\"253\" srcset=\"http:\/\/pilgrimfalkoni.de\/wp-content\/uploads\/2019\/09\/Halstuch-kn-339x1024.png 339w, http:\/\/pilgrimfalkoni.de\/wp-content\/uploads\/2019\/09\/Halstuch-kn-768x2319.png 768w, http:\/\/pilgrimfalkoni.de\/wp-content\/uploads\/2019\/09\/Halstuch-kn.png 1808w\" sizes=\"auto, (max-width: 84px) 100vw, 84px\" \/><\/figure><\/div>\n\n\n\n<p class=\"has-medium-font-size\">Auf die&nbsp;Fahrten und Lager&nbsp;freuen sich\nPfadfinderinnen und Pfadfinder das ganze Jahr \u00fcber und schwelgen in\nErinnerungen an vergangene Fahrten. Weg von zuhause, ohne die Annehmlichkeiten\ndes Alltags, beschr\u00e4nken sie sich auf die Dinge, die in ihre Rucks\u00e4cke passen.<\/p>\n\n\n\n<p class=\"has-medium-font-size\">Pfadfinden ist untrennbar mit der&nbsp;Natur&nbsp;verbunden.\nVon Anfang an war das Leben in und mit der Natur f\u00fcr uns ein Weg, um das\nWesentliche zu entdecken.<\/p>\n","protected":false},"excerpt":{"rendered":"<p>Wir, die Pfadfinderinnen und Pfadfinder aus Neuwied &#8211; Torney, m\u00f6chten uns gerne vorstellen. Nat\u00fcrlich wissen, dass es viele Vorurteile und Witze \u00fcber Pfadfinder gibt. Wir wissen aber auch, dass es viele gute Gr\u00fcnde gibt, sein Kind bei den Pfadfindern anzumelden. Ein paar davon m\u00f6chten wir Ihnen kurz vorstellen. Unser Stamm ist eine Pfadfindergemeinschaft im Bund [&hellip;]<\/p>\n","protected":false},"author":1,"featured_media":0,"parent":0,"menu_order":0,"comment_status":"closed","ping_status":"closed","template":"","meta":{"footnotes":""},"class_list":["post-28","page","type-page","status-publish","hentry"],"_links":{"self":[{"href":"http:\/\/pilgrimfalkoni.de\/index.php?rest_route=\/wp\/v2\/pages\/28","targetHints":{"allow":["GET"]}}],"collection":[{"href":"http:\/\/pilgrimfalkoni.de\/index.php?rest_route=\/wp\/v2\/pages"}],"about":[{"href":"http:\/\/pilgrimfalkoni.de\/index.php?rest_route=\/wp\/v2\/types\/page"}],"author":[{"embeddable":true,"href":"http:\/\/pilgrimfalkoni.de\/index.php?rest_route=\/wp\/v2\/users\/1"}],"replies":[{"embeddable":true,"href":"http:\/\/pilgrimfalkoni.de\/index.php?rest_route=%2Fwp%2Fv2%2Fcomments&post=28"}],"version-history":[{"count":7,"href":"http:\/\/pilgrimfalkoni.de\/index.php?rest_route=\/wp\/v2\/pages\/28\/revisions"}],"predecessor-version":[{"id":95,"href":"http:\/\/pilgrimfalkoni.de\/index.php?rest_route=\/wp\/v2\/pages\/28\/revisions\/95"}],"wp:attachment":[{"href":"http:\/\/pilgrimfalkoni.de\/index.php?rest_route=%2Fwp%2Fv2%2Fmedia&parent=28"}],"curies":[{"name":"wp","href":"https:\/\/api.w.org\/{rel}","templated":true}]}}