{"id":32,"date":"2019-09-12T12:41:21","date_gmt":"2019-09-12T12:41:21","guid":{"rendered":"http:\/\/pilgrimfalkoni.de\/?page_id=32"},"modified":"2019-09-13T18:02:50","modified_gmt":"2019-09-13T18:02:50","slug":"geschichte","status":"publish","type":"page","link":"http:\/\/pilgrimfalkoni.de\/?page_id=32","title":{"rendered":"Geschichte"},"content":{"rendered":"\n<p class=\"has-medium-font-size\"><strong>Der BdP und seine Wurzeln: Kleine Geschichte der Pfadfinderbewegung und der deutschen Jugendbewegung<\/strong><\/p>\n\n\n\n<p class=\"has-medium-font-size\"><strong>Eine weltweite Bewegung und ihr Ursprung<\/strong><\/p>\n\n\n\n<p class=\"has-medium-font-size\">Es begann im Juli 1907 in England mit einem Zeltlager auf Brownsea Island. Lord Baden-Powell, kurz B.P., sammelte eine Gruppe von etwa 20 Jungen der oberen und mittleren Gesellschaftsschichten, teilte sie in F\u00fcnfergruppen ein und \u00fcbertrug jedem Teilnehmer bestimmte Aufgaben, die besonders durch das Leben in freier Natur gepr\u00e4gt waren. Die Jungen sollten durch das Prinzip \u201eLearning by doing\u201c sowohl ihre pers\u00f6nlichen wie praktischen Fertigkeiten trainieren. Nach den Erfahrungen auf Brownsea Island wollte B.P. allen jungen Menschen erm\u00f6glichen, sich zu verantwortungsbewussten B\u00fcrgern zu entwickeln, die sich f\u00fcr die Gesellschaft einsetzen und die offen sind f\u00fcr ihre Mitmenschen, unabh\u00e4ngig ihrer Herkunft oder m\u00f6glicher Unterschiede. Die Pfadfinderidee war geboren.<br>Schnell wuchs diese Idee zu einer internationalen Jugendbewegung. Heute gibt es in fast allen L\u00e4ndern auf der Welt Pfadfinderinnen und Pfadfinder, die die Idee von B.P. weiterleben.<br>Seit 1909 entstand dann die Bewegung der Pfadfinderinnen, denn auch M\u00e4dchen begannen sich schnell f\u00fcr die Pfadfinderei zu interessieren und wollten, sicher auch durch die aufkommende Frauenbewegung stark beeinflusst, in diese Gemeinschaft aufgenommen werden.<\/p>\n\n\n\n<p class=\"has-medium-font-size\">1920 fand das erste Weltpfadfindertreffen (Jamboree) statt. Rund 8000 Pfadfinder aus den verschiedensten L\u00e4ndern, auch aus ehemals verfeindeten L\u00e4ndern des 1. Weltkriegs kamen in England zusammen. Heute noch treffen sich alle vier Jahre Pfadfinderinnen und Pfadfinder aus der ganzen Welt, um gemeinsam den internationalen Charakter der Pfadfinderbewegung zu leben.<br>Da auch immer mehr j\u00fcngere Kinder in die Pfadfinderei strebten, entwickelte B.P. eine eigene altersgem\u00e4\u00dfe Spielidee f\u00fcr Kinder ab ca. 7 Jahren. Vorlage hierf\u00fcr waren die Mowgli-Geschichten aus dem Dschungelbuch von Rudyard Kipling, englischer Schriftsteller und Freund von B.P.<br>Durch den Arzt Dr Alexander Lion kam der Pfadfindergedanke von England nach Deutschland, fand durch das \u201ePfadfinderbuch\u201c schnelle Verbreitung und war die erste Wurzel deutscher Pfadfinderei.<\/p>\n\n\n\n<p class=\"has-medium-font-size\"><strong>Jugendbewegte Urspr\u00fcnge in Deutschland<\/strong><\/p>\n\n\n\n<p class=\"has-medium-font-size\">Die Jugendbewegung ist die zweite Wurzel des deutschen Pfadfindertums. Jugendbewegung, das waren unterschiedliche Gruppierungen und Freundeskreise, gepr\u00e4gt von den \u201eGegenbewegungen\u201c der wilhelminischen Zeit. Sie alle sahen sich als kulturkritische und lebensreformerische Kreise. Daf\u00fcr stehen Gemeinschaften wie der Wandervogel, die B\u00fcndische Jugend und die Jungenschaft. Die Gruppen und B\u00fcnde entstanden in einer fast un\u00fcbersichtlichen Vielzahl besonders nach dem ersten Weltkrieg.<br>Diese vielschichtige neuartige Jugendkultur lehnte die Erziehungsnormen und den \u201eB\u00fcrgermief\u201c der damaligen Zeit ab. Als Ausdruck ihrer verschiedenen Gemeinschaften schafften sich die M\u00e4dchen und Jungen eigene Kleidung, entdeckten Volkslieder und Tanz wieder und lebten die Gemeinschaft. Das Wandern in der Natur, das \u201eauf Fahrt gehen\u201c und gemeinsame Erlebnisse in der Gruppe standen im Vordergrund.<\/p>\n\n\n\n<p class=\"has-medium-font-size\">Methoden und Riten der B\u00fcnde haben zum Teil die Pfadfinderbewegung in Deutschland stark beeinflusst und ihr einen sehr eigenen Charakter verliehen. \u00c4u\u00dferlich sichtbar wird das zum Beispiel durch unsere Schwarzzelte, die Kohten und Jurten.<br>B\u00fcndische und Pfadfindergruppen fanden dann ab 1933, mit der Zeit des Nationalsozialismus, ihr vor\u00fcbergehendes Ende. Sie wurden entweder verboten oder in die Hitlerjugend eingegliedert, die das Monopol der Jugenderziehung f\u00fcr sich beanspruchte.<\/p>\n\n\n\n<p class=\"has-medium-font-size\"><strong>Neustart nach dem Krieg<\/strong><\/p>\n\n\n\n<p class=\"has-medium-font-size\">Schon 1945 entstanden wieder die ersten Pfadfindergruppen in Deutschland. Erst einzeln in den Westzonen lizensiert, bildeten sie 1948 wieder bundesweite Verb\u00e4nde. Und als nationale Vertretung erlangte der heutige Ring deutscher Pfadfinderverb\u00e4nde 1950 die Mitgliedschaft in der Weltorganisation der Pfadfinderbewegung. Das weibliche Pendant, der Ring Deutscher Pfadfinderinnenverb\u00e4nde, hatte eine \u00e4hnliche Entwicklung und wurde 1950 ebenfalls Mitglied im Weltbund der Pfadfinderinnen.<br>Ende der 1960er Jahre wurde die gesellschaftliche Ordnung in der Bundesrepublik vielerorts in Frage gestellt. Die sogenannte \u201e68er-Bewegung\u201c erfasste auch die Jugendverb\u00e4nde, so auch den Bund Deutscher Pfadfinder, in dem sich eine starke Fraktion nun zu politisch links orientierter und antiautorit\u00e4rer Jugendarbeit und weg von pfadfinderischen Prinzipien entwickelte. \u00dcber der Frage nach der zeitgem\u00e4\u00dfen Version von Pfadfinden zerbrach der Bund Deutscher Pfadfinder schlie\u00dflich. Es folgten heftige Auseinandersetzungen, Abspaltungen und Austritte. Die gr\u00f6\u00dfte Gruppe der Ausgetretenen sammelt sich 1970 im politisch unabh\u00e4ngigen Bund der Pfadfinder (BdP), der sich f\u00fcr eine Kombination aus pfadfinderischer Tradition und notwendiger Reform entschieden hatte. Der BdP wurde anstelle des ausgeschlossenen BDP in den Ring deutscher Pfadfinderverb\u00e4nde und somit in den Weltbund aufgenommen. Durch den Zusammenschluss mit dem Bund Deutscher Pfadfinderinnen entstand am 1.1.1976 der Bund der Pfadfinderinnen und Pfadfinder \u2013 unser BdP.<\/p>\n","protected":false},"excerpt":{"rendered":"<p>Der BdP und seine Wurzeln: Kleine Geschichte der Pfadfinderbewegung und der deutschen Jugendbewegung Eine weltweite Bewegung und ihr Ursprung Es begann im Juli 1907 in England mit einem Zeltlager auf Brownsea Island. Lord Baden-Powell, kurz B.P., sammelte eine Gruppe von etwa 20 Jungen der oberen und mittleren Gesellschaftsschichten, teilte sie in F\u00fcnfergruppen ein und \u00fcbertrug [&hellip;]<\/p>\n","protected":false},"author":1,"featured_media":0,"parent":0,"menu_order":0,"comment_status":"closed","ping_status":"closed","template":"","meta":{"footnotes":""},"class_list":["post-32","page","type-page","status-publish","hentry"],"_links":{"self":[{"href":"http:\/\/pilgrimfalkoni.de\/index.php?rest_route=\/wp\/v2\/pages\/32","targetHints":{"allow":["GET"]}}],"collection":[{"href":"http:\/\/pilgrimfalkoni.de\/index.php?rest_route=\/wp\/v2\/pages"}],"about":[{"href":"http:\/\/pilgrimfalkoni.de\/index.php?rest_route=\/wp\/v2\/types\/page"}],"author":[{"embeddable":true,"href":"http:\/\/pilgrimfalkoni.de\/index.php?rest_route=\/wp\/v2\/users\/1"}],"replies":[{"embeddable":true,"href":"http:\/\/pilgrimfalkoni.de\/index.php?rest_route=%2Fwp%2Fv2%2Fcomments&post=32"}],"version-history":[{"count":2,"href":"http:\/\/pilgrimfalkoni.de\/index.php?rest_route=\/wp\/v2\/pages\/32\/revisions"}],"predecessor-version":[{"id":69,"href":"http:\/\/pilgrimfalkoni.de\/index.php?rest_route=\/wp\/v2\/pages\/32\/revisions\/69"}],"wp:attachment":[{"href":"http:\/\/pilgrimfalkoni.de\/index.php?rest_route=%2Fwp%2Fv2%2Fmedia&parent=32"}],"curies":[{"name":"wp","href":"https:\/\/api.w.org\/{rel}","templated":true}]}}