{"id":38,"date":"2019-09-12T12:41:58","date_gmt":"2019-09-12T12:41:58","guid":{"rendered":"http:\/\/pilgrimfalkoni.de\/?page_id=38"},"modified":"2019-09-13T19:27:11","modified_gmt":"2019-09-13T19:27:11","slug":"pfadfinder","status":"publish","type":"page","link":"http:\/\/pilgrimfalkoni.de\/?page_id=38","title":{"rendered":"Pfadfinder"},"content":{"rendered":"\n<p class=\"has-medium-font-size\">Pfadfinderinnen und\nPfadfinder kennen keine Schranken, keine Grenzen, keine Hindernisse:\nDie&nbsp;11- bis 15-J\u00e4hrigen&nbsp;leben in der Sippe, so hei\u00dft in dieser Stufe\neine kleine Gruppe von Kindern und Jugendlichen. Das Programm ihrer\nw\u00f6chentlichen Treffen ist abwechslungsreich: Sie lernen Knoten binden und Zelte\naufbauen, sie basteln und singen, sie erkunden die Umgebung und engagieren sich\nsozial.<\/p>\n\n\n\n<p class=\"has-medium-font-size\">SIe gehen mit der Sippe auf Fahrt\u00a0\u2013 am Wochenende oder in den Ferien, zu Fu\u00df, mit Rad, Flo\u00df oder Boot. Das gr\u00f6\u00dfte Abenteuer aber ist die Gro\u00dffahrt: Ziel kann der Harz sein, das schwedische Sm\u00e5land oder die julischen Alpen Sloweniens \u2013 immer auf der Spur des Neuen und\u00a0Ungewissen. Stets lockt die Herausforderung, andere Menschen und Kulturen zu entdecken. Abends sitzen und singen die Jugendlichen am Lagerfeuer.<\/p>\n\n\n\n<div class=\"wp-block-image\"><figure class=\"alignleft is-resized\"><img loading=\"lazy\" decoding=\"async\" src=\"http:\/\/pilgrimfalkoni.de\/wp-content\/uploads\/2019\/09\/Lilie-1-1024x1003.png\" alt=\"\" class=\"wp-image-120\" width=\"225\" height=\"221\" srcset=\"http:\/\/pilgrimfalkoni.de\/wp-content\/uploads\/2019\/09\/Lilie-1-1024x1003.png 1024w, http:\/\/pilgrimfalkoni.de\/wp-content\/uploads\/2019\/09\/Lilie-1-300x294.png 300w, http:\/\/pilgrimfalkoni.de\/wp-content\/uploads\/2019\/09\/Lilie-1-768x752.png 768w\" sizes=\"auto, (max-width: 225px) 100vw, 225px\" \/><\/figure><\/div>\n\n\n\n<div class=\"wp-block-image\"><figure class=\"aligncenter is-resized\"><img loading=\"lazy\" decoding=\"async\" src=\"http:\/\/pilgrimfalkoni.de\/wp-content\/uploads\/2019\/09\/Kluft-1-1024x840.png\" alt=\"\" class=\"wp-image-119\" width=\"281\" height=\"230\" srcset=\"http:\/\/pilgrimfalkoni.de\/wp-content\/uploads\/2019\/09\/Kluft-1-1024x840.png 1024w, http:\/\/pilgrimfalkoni.de\/wp-content\/uploads\/2019\/09\/Kluft-1-300x246.png 300w, http:\/\/pilgrimfalkoni.de\/wp-content\/uploads\/2019\/09\/Kluft-1-768x630.png 768w\" sizes=\"auto, (max-width: 281px) 100vw, 281px\" \/><\/figure><\/div>\n\n\n\n<p><\/p>\n\n\n\n<p class=\"has-medium-font-size\"><strong>Und woran erkennt man die \u201ePfadis\u201c, wie sie sich nennen?<br>An ihrem blau-gelben Halstuch und dem Zeichen aus Kleeblatt und Lilie auf ihrem Hemd.<\/strong><\/p>\n","protected":false},"excerpt":{"rendered":"<p>Pfadfinderinnen und Pfadfinder kennen keine Schranken, keine Grenzen, keine Hindernisse: Die&nbsp;11- bis 15-J\u00e4hrigen&nbsp;leben in der Sippe, so hei\u00dft in dieser Stufe eine kleine Gruppe von Kindern und Jugendlichen. Das Programm ihrer w\u00f6chentlichen Treffen ist abwechslungsreich: Sie lernen Knoten binden und Zelte aufbauen, sie basteln und singen, sie erkunden die Umgebung und engagieren sich sozial. SIe [&hellip;]<\/p>\n","protected":false},"author":1,"featured_media":0,"parent":0,"menu_order":0,"comment_status":"closed","ping_status":"closed","template":"","meta":{"footnotes":""},"class_list":["post-38","page","type-page","status-publish","hentry"],"_links":{"self":[{"href":"http:\/\/pilgrimfalkoni.de\/index.php?rest_route=\/wp\/v2\/pages\/38","targetHints":{"allow":["GET"]}}],"collection":[{"href":"http:\/\/pilgrimfalkoni.de\/index.php?rest_route=\/wp\/v2\/pages"}],"about":[{"href":"http:\/\/pilgrimfalkoni.de\/index.php?rest_route=\/wp\/v2\/types\/page"}],"author":[{"embeddable":true,"href":"http:\/\/pilgrimfalkoni.de\/index.php?rest_route=\/wp\/v2\/users\/1"}],"replies":[{"embeddable":true,"href":"http:\/\/pilgrimfalkoni.de\/index.php?rest_route=%2Fwp%2Fv2%2Fcomments&post=38"}],"version-history":[{"count":7,"href":"http:\/\/pilgrimfalkoni.de\/index.php?rest_route=\/wp\/v2\/pages\/38\/revisions"}],"predecessor-version":[{"id":121,"href":"http:\/\/pilgrimfalkoni.de\/index.php?rest_route=\/wp\/v2\/pages\/38\/revisions\/121"}],"wp:attachment":[{"href":"http:\/\/pilgrimfalkoni.de\/index.php?rest_route=%2Fwp%2Fv2%2Fmedia&parent=38"}],"curies":[{"name":"wp","href":"https:\/\/api.w.org\/{rel}","templated":true}]}}