{"id":47,"date":"2019-09-12T12:41:46","date_gmt":"2019-09-12T12:41:46","guid":{"rendered":"http:\/\/pilgrimfalkoni.de\/?page_id=47"},"modified":"2026-03-23T19:56:21","modified_gmt":"2026-03-23T19:56:21","slug":"kontakt","status":"publish","type":"page","link":"http:\/\/pilgrimfalkoni.de\/?page_id=47","title":{"rendered":"Kontakt"},"content":{"rendered":"\n<p class=\"has-medium-font-size\">Ihr habt Fragen, Anregungen oder wollt mal vorbeikommen? Meldet euch einfach bei uns!<\/p>\n\n\n\n\n\n<p class=\"has-medium-font-size\">F\u00fcr Fragen rund um die W\u00f6lflingsstufe :<\/p>\n\n\n\n<p class=\"has-text-align-center has-medium-font-size\">     Woelflinge@pilgrimfalkoni.de<\/p>\n\n\n\n<p class=\"has-medium-font-size\"><\/p>\n\n\n\n<p class=\"has-medium-font-size\"><\/p>\n\n\n\n\n\n<p class=\"has-medium-font-size\">F\u00fcr Fragen bez\u00fcglich der Pfadfinderstufe:<\/p>\n\n\n\n<p class=\"has-text-align-center has-medium-font-size\">     Pfadfinder@pilgrimfalkoni.de<\/p>\n\n\n\n<p class=\"has-medium-font-size\"><\/p>\n\n\n\n<p class=\"has-medium-font-size\"><\/p>\n\n\n\n\n\n<p class=\"has-medium-font-size\">F\u00fcr Fragen bez\u00fcglich der RR-Stufe:<\/p>\n\n\n\n<p class=\"has-text-align-center has-medium-font-size\">     RR@pilgrimfalkoni.de<\/p>\n\n\n\n<p class=\"has-medium-font-size\"><\/p>\n\n\n\n<p class=\"has-medium-font-size\"><\/p>\n\n\n\n\n\n<p class=\"has-medium-font-size\">F\u00fcr generelle Fragen:<\/p>\n\n\n\n<p class=\"has-text-align-center has-medium-font-size\">     Info@pilgrimfalkoni.de<\/p>\n\n\n\n<p><\/p>\n","protected":false},"excerpt":{"rendered":"<p>Ihr habt Fragen, Anregungen oder wollt mal vorbeikommen? Meldet euch einfach bei uns! F\u00fcr Fragen rund um die W\u00f6lflingsstufe : Woelflinge@pilgrimfalkoni.de F\u00fcr Fragen bez\u00fcglich der Pfadfinderstufe: Pfadfinder@pilgrimfalkoni.de F\u00fcr Fragen bez\u00fcglich der RR-Stufe: RR@pilgrimfalkoni.de F\u00fcr generelle Fragen: Info@pilgrimfalkoni.de<\/p>\n","protected":false},"author":1,"featured_media":0,"parent":0,"menu_order":0,"comment_status":"closed","ping_status":"closed","template":"","meta":{"footnotes":""},"class_list":["post-47","page","type-page","status-publish","hentry"],"_links":{"self":[{"href":"http:\/\/pilgrimfalkoni.de\/index.php?rest_route=\/wp\/v2\/pages\/47","targetHints":{"allow":["GET"]}}],"collection":[{"href":"http:\/\/pilgrimfalkoni.de\/index.php?rest_route=\/wp\/v2\/pages"}],"about":[{"href":"http:\/\/pilgrimfalkoni.de\/index.php?rest_route=\/wp\/v2\/types\/page"}],"author":[{"embeddable":true,"href":"http:\/\/pilgrimfalkoni.de\/index.php?rest_route=\/wp\/v2\/users\/1"}],"replies":[{"embeddable":true,"href":"http:\/\/pilgrimfalkoni.de\/index.php?rest_route=%2Fwp%2Fv2%2Fcomments&post=47"}],"version-history":[{"count":17,"href":"http:\/\/pilgrimfalkoni.de\/index.php?rest_route=\/wp\/v2\/pages\/47\/revisions"}],"predecessor-version":[{"id":176,"href":"http:\/\/pilgrimfalkoni.de\/index.php?rest_route=\/wp\/v2\/pages\/47\/revisions\/176"}],"wp:attachment":[{"href":"http:\/\/pilgrimfalkoni.de\/index.php?rest_route=%2Fwp%2Fv2%2Fmedia&parent=47"}],"curies":[{"name":"wp","href":"https:\/\/api.w.org\/{rel}","templated":true}]}}